{"id":407,"date":"2023-07-07T10:07:42","date_gmt":"2023-07-07T08:07:42","guid":{"rendered":"https:\/\/dev-hvvh.net\/?page_id=407"},"modified":"2023-07-26T21:36:12","modified_gmt":"2023-07-26T19:36:12","slug":"elementor-side-407","status":"publish","type":"page","link":"https:\/\/dev-hvvh.net\/index.php\/elementor-side-407\/","title":{"rendered":"Vaktmestertjenester"},"content":{"rendered":"\t\t<div data-elementor-type=\"wp-page\" data-elementor-id=\"407\" class=\"elementor elementor-407\">\n\t\t\t\t<div class=\"elementor-element elementor-element-5a178a4c e-flex e-con-boxed e-con e-parent\" data-id=\"5a178a4c\" data-element_type=\"container\">\n\t\t\t\t\t<div class=\"e-con-inner\">\n\t\t<div class=\"elementor-element elementor-element-16c4f317 e-con-full e-flex e-con e-parent\" data-id=\"16c4f317\" data-element_type=\"container\">\n\t\t\t\t<div class=\"elementor-element elementor-element-9de18cb elementor-widget elementor-widget-heading\" data-id=\"9de18cb\" data-element_type=\"widget\" data-widget_type=\"heading.default\">\n\t\t\t\t<div class=\"elementor-widget-container\">\n\t\t\t<style>\/*! elementor - v3.23.0 - 05-08-2024 *\/\n.elementor-heading-title{padding:0;margin:0;line-height:1}.elementor-widget-heading .elementor-heading-title[class*=elementor-size-]>a{color:inherit;font-size:inherit;line-height:inherit}.elementor-widget-heading .elementor-heading-title.elementor-size-small{font-size:15px}.elementor-widget-heading .elementor-heading-title.elementor-size-medium{font-size:19px}.elementor-widget-heading .elementor-heading-title.elementor-size-large{font-size:29px}.elementor-widget-heading .elementor-heading-title.elementor-size-xl{font-size:39px}.elementor-widget-heading .elementor-heading-title.elementor-size-xxl{font-size:59px}<\/style><h2 class=\"elementor-heading-title elementor-size-default\">Vaktmestertjenester<\/h2>\t\t<\/div>\n\t\t\t\t<\/div>\n\t\t\t\t<\/div>\n\t\t\t\t\t<\/div>\n\t\t\t\t<\/div>\n\t\t<div class=\"elementor-element elementor-element-536ba73d e-flex e-con-boxed e-con e-parent\" data-id=\"536ba73d\" data-element_type=\"container\">\n\t\t\t\t\t<div class=\"e-con-inner\">\n\t\t<div class=\"elementor-element elementor-element-1188b86 e-con-full e-flex e-con e-parent\" data-id=\"1188b86\" data-element_type=\"container\">\n\t\t\t\t<div class=\"elementor-element elementor-element-37fa34d9 elementor-widget elementor-widget-text-editor\" data-id=\"37fa34d9\" data-element_type=\"widget\" data-widget_type=\"text-editor.default\">\n\t\t\t\t<div class=\"elementor-widget-container\">\n\t\t\t<style>\/*! elementor - v3.23.0 - 05-08-2024 *\/\n.elementor-widget-text-editor.elementor-drop-cap-view-stacked .elementor-drop-cap{background-color:#69727d;color:#fff}.elementor-widget-text-editor.elementor-drop-cap-view-framed .elementor-drop-cap{color:#69727d;border:3px solid;background-color:transparent}.elementor-widget-text-editor:not(.elementor-drop-cap-view-default) .elementor-drop-cap{margin-top:8px}.elementor-widget-text-editor:not(.elementor-drop-cap-view-default) .elementor-drop-cap-letter{width:1em;height:1em}.elementor-widget-text-editor .elementor-drop-cap{float:left;text-align:center;line-height:1;font-size:50px}.elementor-widget-text-editor .elementor-drop-cap-letter{display:inline-block}<\/style>\t\t\t\t<p><b>La oss v\u00e6re din vaktmester<\/b><\/p>\n<p>Velg oss som din p\u00e5litelige partner for profesjonelle vaktmestertjenester. Vi tilbyr en rekke tjenester for bedrifter og borettslag, med fokus p\u00e5 \u00e5 opprettholde et rent og velholdt milj\u00f8.<\/p>\n<p>V\u00e5re vaktmestertjenester inkluderer:<\/p>\n<ul>\n<li>Fasadevask for \u00e5 bevare bygningens utseende og beskytte mot forurensning.<\/li>\n<li>Vindusvask for \u00e5 sikre klare og rene vinduer som gir godt lys og utsikt.<\/li>\n<li>Behandling av gulv for \u00e5 bevare og forbedre gulvets holdbarhet og utseende.<\/li>\n<li>Malingstjenester for \u00e5 gi en frisk og oppdatert atmosf\u00e6re til bygningen.<\/li>\n<li>Renholdstjenester for \u00e5 opprettholde en ren og hygienisk arbeidsplass eller fellesomr\u00e5der.<\/li>\n<li>Generelt vedlikehold for \u00e5 sikre at eiendommen er i god stand og fungerer optimalt.<\/li><\/ul>\n<p>Kontakt oss i dag for \u00e5 diskutere dine behov og oppn\u00e5 et velholdt og profesjonelt milj\u00f8<\/p>\n<p><\/p>\t\t\t\t\t\t<\/div>\n\t\t\t\t<\/div>\n\t\t\t\t<\/div>\n\t\t<div class=\"elementor-element elementor-element-54cd3bc9 e-con-full e-flex e-con e-parent\" data-id=\"54cd3bc9\" data-element_type=\"container\">\n\t\t\t\t<div class=\"elementor-element elementor-element-53d4e300 elementor-widget elementor-widget-image\" data-id=\"53d4e300\" data-element_type=\"widget\" data-widget_type=\"image.default\">\n\t\t\t\t<div class=\"elementor-widget-container\">\n\t\t\t<style>\/*! elementor - v3.23.0 - 05-08-2024 *\/\n.elementor-widget-image{text-align:center}.elementor-widget-image a{display:inline-block}.elementor-widget-image a img[src$=\".svg\"]{width:48px}.elementor-widget-image img{vertical-align:middle;display:inline-block}<\/style>\t\t\t\t\t\t\t\t\t\t<img fetchpriority=\"high\" decoding=\"async\" width=\"960\" height=\"597\" src=\"https:\/\/dev-hvvh.net\/wp-content\/uploads\/2023\/07\/FB_IMG_1684706705054.jpg\" class=\"attachment-large size-large wp-image-1242\" alt=\"\" srcset=\"https:\/\/dev-hvvh.net\/wp-content\/uploads\/2023\/07\/FB_IMG_1684706705054.jpg 960w, https:\/\/dev-hvvh.net\/wp-content\/uploads\/2023\/07\/FB_IMG_1684706705054-300x187.jpg 300w, https:\/\/dev-hvvh.net\/wp-content\/uploads\/2023\/07\/FB_IMG_1684706705054-768x478.jpg 768w\" sizes=\"(max-width: 960px) 100vw, 960px\" \/>\t\t\t\t\t\t\t\t\t\t\t\t\t<\/div>\n\t\t\t\t<\/div>\n\t\t\t\t<\/div>\n\t\t\t\t\t<\/div>\n\t\t\t\t<\/div>\n\t\t<div class=\"elementor-element elementor-element-bc3cd41 e-flex e-con-boxed e-con e-parent\" data-id=\"bc3cd41\" data-element_type=\"container\">\n\t\t\t\t\t<div class=\"e-con-inner\">\n\t\t<div class=\"elementor-element elementor-element-cb31289 e-con-full e-flex e-con e-parent\" data-id=\"cb31289\" data-element_type=\"container\">\n\t\t\t\t<div class=\"elementor-element elementor-element-0b8dfe2 elementor-widget elementor-widget-image\" data-id=\"0b8dfe2\" data-element_type=\"widget\" data-widget_type=\"image.default\">\n\t\t\t\t<div class=\"elementor-widget-container\">\n\t\t\t\t\t\t\t\t\t\t\t\t\t<img decoding=\"async\" width=\"1024\" height=\"1024\" src=\"https:\/\/dev-hvvh.net\/wp-content\/uploads\/2023\/07\/IMG_20191003_165852-1024x1024.jpg\" class=\"attachment-large size-large wp-image-1281\" alt=\"\" srcset=\"https:\/\/dev-hvvh.net\/wp-content\/uploads\/2023\/07\/IMG_20191003_165852-1024x1024.jpg 1024w, https:\/\/dev-hvvh.net\/wp-content\/uploads\/2023\/07\/IMG_20191003_165852-300x300.jpg 300w, https:\/\/dev-hvvh.net\/wp-content\/uploads\/2023\/07\/IMG_20191003_165852-150x150.jpg 150w, https:\/\/dev-hvvh.net\/wp-content\/uploads\/2023\/07\/IMG_20191003_165852-768x768.jpg 768w, https:\/\/dev-hvvh.net\/wp-content\/uploads\/2023\/07\/IMG_20191003_165852-1536x1536.jpg 1536w, https:\/\/dev-hvvh.net\/wp-content\/uploads\/2023\/07\/IMG_20191003_165852-600x600.jpg 600w, https:\/\/dev-hvvh.net\/wp-content\/uploads\/2023\/07\/IMG_20191003_165852.jpg 1564w\" sizes=\"(max-width: 1024px) 100vw, 1024px\" \/>\t\t\t\t\t\t\t\t\t\t\t\t\t<\/div>\n\t\t\t\t<\/div>\n\t\t\t\t<\/div>\n\t\t<div class=\"elementor-element elementor-element-9853b7d e-con-full e-flex e-con e-parent\" data-id=\"9853b7d\" data-element_type=\"container\">\n\t\t\t\t<div class=\"elementor-element elementor-element-d031156 elementor-widget elementor-widget-image\" data-id=\"d031156\" data-element_type=\"widget\" data-widget_type=\"image.default\">\n\t\t\t\t<div class=\"elementor-widget-container\">\n\t\t\t\t\t\t\t\t\t\t\t\t\t<img decoding=\"async\" width=\"1024\" height=\"768\" src=\"https:\/\/dev-hvvh.net\/wp-content\/uploads\/2023\/07\/xHustakP20038.JPG.pagespeed.ic_.46MdefENEX-1024x768.jpg\" class=\"attachment-large size-large wp-image-1282\" alt=\"\" srcset=\"https:\/\/dev-hvvh.net\/wp-content\/uploads\/2023\/07\/xHustakP20038.JPG.pagespeed.ic_.46MdefENEX-1024x768.jpg 1024w, https:\/\/dev-hvvh.net\/wp-content\/uploads\/2023\/07\/xHustakP20038.JPG.pagespeed.ic_.46MdefENEX-300x225.jpg 300w, https:\/\/dev-hvvh.net\/wp-content\/uploads\/2023\/07\/xHustakP20038.JPG.pagespeed.ic_.46MdefENEX-768x576.jpg 768w, https:\/\/dev-hvvh.net\/wp-content\/uploads\/2023\/07\/xHustakP20038.JPG.pagespeed.ic_.46MdefENEX-1536x1152.jpg 1536w, https:\/\/dev-hvvh.net\/wp-content\/uploads\/2023\/07\/xHustakP20038.JPG.pagespeed.ic_.46MdefENEX-2048x1536.jpg 2048w\" sizes=\"(max-width: 1024px) 100vw, 1024px\" \/>\t\t\t\t\t\t\t\t\t\t\t\t\t<\/div>\n\t\t\t\t<\/div>\n\t\t\t\t<\/div>\n\t\t<div class=\"elementor-element elementor-element-e6513d6 e-con-full e-flex e-con e-parent\" data-id=\"e6513d6\" data-element_type=\"container\">\n\t\t\t\t<div class=\"elementor-element elementor-element-ae3dac9 elementor-widget elementor-widget-image\" data-id=\"ae3dac9\" data-element_type=\"widget\" data-widget_type=\"image.default\">\n\t\t\t\t<div class=\"elementor-widget-container\">\n\t\t\t\t\t\t\t\t\t\t\t\t\t<img loading=\"lazy\" decoding=\"async\" width=\"1024\" height=\"576\" src=\"https:\/\/dev-hvvh.net\/wp-content\/uploads\/2023\/07\/358778974_798090171906804_2232199119351247428_n-2.jpg\" class=\"attachment-large size-large wp-image-788\" alt=\"\" \/>\t\t\t\t\t\t\t\t\t\t\t\t\t<\/div>\n\t\t\t\t<\/div>\n\t\t\t\t<\/div>\n\t\t<div class=\"elementor-element elementor-element-46ba0a7 e-flex e-con-boxed e-con e-parent\" data-id=\"46ba0a7\" data-element_type=\"container\">\n\t\t\t\t\t<div class=\"e-con-inner\">\n\t\t\t\t\t<\/div>\n\t\t\t\t<\/div>\n\t\t\t\t\t<\/div>\n\t\t\t\t<\/div>\n\t\t\t\t<\/div>\n\t\t","protected":false},"excerpt":{"rendered":"<p>Vaktmestertjenester La oss v\u00e6re din vaktmester Velg oss som din p\u00e5litelige partner for profesjonelle vaktmestertjenester. Vi tilbyr en rekke tjenester for bedrifter og borettslag, med fokus p\u00e5 \u00e5 opprettholde et rent og velholdt milj\u00f8. V\u00e5re vaktmestertjenester inkluderer: Fasadevask for \u00e5 bevare bygningens utseende og beskytte mot forurensning. Vindusvask for \u00e5 sikre klare og rene vinduer [&hellip;]<\/p>\n","protected":false},"author":1,"featured_media":0,"parent":0,"menu_order":0,"comment_status":"closed","ping_status":"closed","template":"elementor_header_footer","meta":{"_glsr_average":0,"_glsr_ranking":0,"_glsr_reviews":0},"_links":{"self":[{"href":"https:\/\/dev-hvvh.net\/index.php\/wp-json\/wp\/v2\/pages\/407"}],"collection":[{"href":"https:\/\/dev-hvvh.net\/index.php\/wp-json\/wp\/v2\/pages"}],"about":[{"href":"https:\/\/dev-hvvh.net\/index.php\/wp-json\/wp\/v2\/types\/page"}],"author":[{"embeddable":true,"href":"https:\/\/dev-hvvh.net\/index.php\/wp-json\/wp\/v2\/users\/1"}],"replies":[{"embeddable":true,"href":"https:\/\/dev-hvvh.net\/index.php\/wp-json\/wp\/v2\/comments?post=407"}],"version-history":[{"count":20,"href":"https:\/\/dev-hvvh.net\/index.php\/wp-json\/wp\/v2\/pages\/407\/revisions"}],"predecessor-version":[{"id":1294,"href":"https:\/\/dev-hvvh.net\/index.php\/wp-json\/wp\/v2\/pages\/407\/revisions\/1294"}],"wp:attachment":[{"href":"https:\/\/dev-hvvh.net\/index.php\/wp-json\/wp\/v2\/media?parent=407"}],"curies":[{"name":"wp","href":"https:\/\/api.w.org\/{rel}","templated":true}]}}