{"id":378,"date":"2023-07-07T09:04:58","date_gmt":"2023-07-07T07:04:58","guid":{"rendered":"https:\/\/dev-hvvh.net\/?page_id=378"},"modified":"2023-07-26T21:38:04","modified_gmt":"2023-07-26T19:38:04","slug":"elementor-side-378","status":"publish","type":"page","link":"https:\/\/dev-hvvh.net\/index.php\/elementor-side-378\/","title":{"rendered":"Gulvlegging"},"content":{"rendered":"\t\t<div data-elementor-type=\"wp-page\" data-elementor-id=\"378\" class=\"elementor elementor-378\">\n\t\t\t\t<div class=\"elementor-element elementor-element-3ae93c16 e-flex e-con-boxed e-con e-parent\" data-id=\"3ae93c16\" data-element_type=\"container\">\n\t\t\t\t\t<div class=\"e-con-inner\">\n\t\t<div class=\"elementor-element elementor-element-70b5d8d9 e-con-full e-flex e-con e-parent\" data-id=\"70b5d8d9\" data-element_type=\"container\">\n\t\t\t\t<div class=\"elementor-element elementor-element-4088f9c elementor-widget elementor-widget-heading\" data-id=\"4088f9c\" data-element_type=\"widget\" data-widget_type=\"heading.default\">\n\t\t\t\t<div class=\"elementor-widget-container\">\n\t\t\t<style>\/*! elementor - v3.23.0 - 05-08-2024 *\/\n.elementor-heading-title{padding:0;margin:0;line-height:1}.elementor-widget-heading .elementor-heading-title[class*=elementor-size-]>a{color:inherit;font-size:inherit;line-height:inherit}.elementor-widget-heading .elementor-heading-title.elementor-size-small{font-size:15px}.elementor-widget-heading .elementor-heading-title.elementor-size-medium{font-size:19px}.elementor-widget-heading .elementor-heading-title.elementor-size-large{font-size:29px}.elementor-widget-heading .elementor-heading-title.elementor-size-xl{font-size:39px}.elementor-widget-heading .elementor-heading-title.elementor-size-xxl{font-size:59px}<\/style><h2 class=\"elementor-heading-title elementor-size-default\">Gulvlegging<\/h2>\t\t<\/div>\n\t\t\t\t<\/div>\n\t\t\t\t<\/div>\n\t\t\t\t\t<\/div>\n\t\t\t\t<\/div>\n\t\t<div class=\"elementor-element elementor-element-22d6cf57 e-flex e-con-boxed e-con e-parent\" data-id=\"22d6cf57\" data-element_type=\"container\">\n\t\t\t\t\t<div class=\"e-con-inner\">\n\t\t<div class=\"elementor-element elementor-element-7cd1f742 e-con-full e-flex e-con e-parent\" data-id=\"7cd1f742\" data-element_type=\"container\">\n\t\t\t\t<div class=\"elementor-element elementor-element-25289052 elementor-widget elementor-widget-text-editor\" data-id=\"25289052\" data-element_type=\"widget\" data-widget_type=\"text-editor.default\">\n\t\t\t\t<div class=\"elementor-widget-container\">\n\t\t\t<style>\/*! elementor - v3.23.0 - 05-08-2024 *\/\n.elementor-widget-text-editor.elementor-drop-cap-view-stacked .elementor-drop-cap{background-color:#69727d;color:#fff}.elementor-widget-text-editor.elementor-drop-cap-view-framed .elementor-drop-cap{color:#69727d;border:3px solid;background-color:transparent}.elementor-widget-text-editor:not(.elementor-drop-cap-view-default) .elementor-drop-cap{margin-top:8px}.elementor-widget-text-editor:not(.elementor-drop-cap-view-default) .elementor-drop-cap-letter{width:1em;height:1em}.elementor-widget-text-editor .elementor-drop-cap{float:left;text-align:center;line-height:1;font-size:50px}.elementor-widget-text-editor .elementor-drop-cap-letter{display:inline-block}<\/style>\t\t\t\t<p><b>Vi legger ditt nye gulv<\/b><\/p>\n<p>Skap en helhetlig atmosf\u00e6re i hjemmet ditt med v\u00e5r profesjonelle gulvinstallasjonstjeneste. Vi forst\u00e5r viktigheten av \u00e5 kombinere vegger, tak og gulv for \u00e5 skape et sammenhengende og imponerende resultat.<\/p>\n<p>V\u00e5re tjenester inkluderer:<\/p>\n<ul>\n<li>Parkettlegging for et elegant og naturlig utseende.<\/li>\n<li>Laminatlegging for et slitesterkt og lettstelt gulvalternativ.<\/li>\n<li>Polering av gulv for \u00e5 gjenopprette glans og fornye slitte overflater.<\/li>\n<\/ul>\n<p>Vi tar h\u00e5nd om hele prosessen, fra forberedelse av underlaget til presis montering og etterbehandling. V\u00e5re erfarne gulvleggere sikrer at hvert gulv legges med presisjon og omsorg for detaljer.<\/p>\n<p>Med v\u00e5re gulvtjenester kan du skape en sammenhengende stil i hjemmet ditt.&nbsp;<\/p>\n<p>Vi er dedikert til \u00e5 levere et resultat som du som kunde vil bli forn\u00f8yd med.<\/p><p><br><\/p>\t\t\t\t\t\t<\/div>\n\t\t\t\t<\/div>\n\t\t\t\t<\/div>\n\t\t<div class=\"elementor-element elementor-element-3a8caca2 e-con-full e-flex e-con e-parent\" data-id=\"3a8caca2\" data-element_type=\"container\">\n\t\t\t\t<div class=\"elementor-element elementor-element-1d6cb12f elementor-widget elementor-widget-image\" data-id=\"1d6cb12f\" data-element_type=\"widget\" data-widget_type=\"image.default\">\n\t\t\t\t<div class=\"elementor-widget-container\">\n\t\t\t<style>\/*! elementor - v3.23.0 - 05-08-2024 *\/\n.elementor-widget-image{text-align:center}.elementor-widget-image a{display:inline-block}.elementor-widget-image a img[src$=\".svg\"]{width:48px}.elementor-widget-image img{vertical-align:middle;display:inline-block}<\/style>\t\t\t\t\t\t\t\t\t\t<img fetchpriority=\"high\" decoding=\"async\" width=\"576\" height=\"1024\" src=\"https:\/\/dev-hvvh.net\/wp-content\/uploads\/2023\/07\/Gulv-576x1024.webp\" class=\"attachment-large size-large wp-image-96\" alt=\"\" srcset=\"https:\/\/dev-hvvh.net\/wp-content\/uploads\/2023\/07\/Gulv-576x1024.webp 576w, https:\/\/dev-hvvh.net\/wp-content\/uploads\/2023\/07\/Gulv-169x300.webp 169w, https:\/\/dev-hvvh.net\/wp-content\/uploads\/2023\/07\/Gulv-768x1365.webp 768w, https:\/\/dev-hvvh.net\/wp-content\/uploads\/2023\/07\/Gulv-864x1536.webp 864w, https:\/\/dev-hvvh.net\/wp-content\/uploads\/2023\/07\/Gulv.webp 1080w\" sizes=\"(max-width: 576px) 100vw, 576px\" \/>\t\t\t\t\t\t\t\t\t\t\t\t\t<\/div>\n\t\t\t\t<\/div>\n\t\t\t\t<\/div>\n\t\t\t\t\t<\/div>\n\t\t\t\t<\/div>\n\t\t<div class=\"elementor-element elementor-element-a07781b e-flex e-con-boxed e-con e-parent\" data-id=\"a07781b\" data-element_type=\"container\">\n\t\t\t\t\t<div class=\"e-con-inner\">\n\t\t<div class=\"elementor-element elementor-element-4b84b85 e-con-full e-flex e-con e-parent\" data-id=\"4b84b85\" data-element_type=\"container\">\n\t\t\t\t<div class=\"elementor-element elementor-element-913f1d9 elementor-widget elementor-widget-image\" data-id=\"913f1d9\" data-element_type=\"widget\" data-widget_type=\"image.default\">\n\t\t\t\t<div class=\"elementor-widget-container\">\n\t\t\t\t\t\t\t\t\t\t\t\t\t<img decoding=\"async\" width=\"309\" height=\"163\" src=\"https:\/\/dev-hvvh.net\/wp-content\/uploads\/2023\/07\/uten-navn.png\" class=\"attachment-large size-large wp-image-1269\" alt=\"\" srcset=\"https:\/\/dev-hvvh.net\/wp-content\/uploads\/2023\/07\/uten-navn.png 309w, https:\/\/dev-hvvh.net\/wp-content\/uploads\/2023\/07\/uten-navn-300x158.png 300w\" sizes=\"(max-width: 309px) 100vw, 309px\" \/>\t\t\t\t\t\t\t\t\t\t\t\t\t<\/div>\n\t\t\t\t<\/div>\n\t\t\t\t<\/div>\n\t\t<div class=\"elementor-element elementor-element-180c43e e-con-full e-flex e-con e-parent\" data-id=\"180c43e\" data-element_type=\"container\">\n\t\t\t\t<div class=\"elementor-element elementor-element-18a95cf elementor-widget elementor-widget-image\" data-id=\"18a95cf\" data-element_type=\"widget\" data-widget_type=\"image.default\">\n\t\t\t\t<div class=\"elementor-widget-container\">\n\t\t\t\t\t\t\t\t\t\t\t\t\t<img decoding=\"async\" width=\"768\" height=\"1024\" src=\"https:\/\/dev-hvvh.net\/wp-content\/uploads\/2023\/07\/20171118_091618-768x1024.jpg\" class=\"attachment-large size-large wp-image-1277\" alt=\"\" srcset=\"https:\/\/dev-hvvh.net\/wp-content\/uploads\/2023\/07\/20171118_091618-768x1024.jpg 768w, https:\/\/dev-hvvh.net\/wp-content\/uploads\/2023\/07\/20171118_091618-225x300.jpg 225w, https:\/\/dev-hvvh.net\/wp-content\/uploads\/2023\/07\/20171118_091618-1152x1536.jpg 1152w, https:\/\/dev-hvvh.net\/wp-content\/uploads\/2023\/07\/20171118_091618-1536x2048.jpg 1536w, https:\/\/dev-hvvh.net\/wp-content\/uploads\/2023\/07\/20171118_091618-scaled.jpg 1920w\" sizes=\"(max-width: 768px) 100vw, 768px\" \/>\t\t\t\t\t\t\t\t\t\t\t\t\t<\/div>\n\t\t\t\t<\/div>\n\t\t\t\t<\/div>\n\t\t\t\t\t<\/div>\n\t\t\t\t<\/div>\n\t\t\t\t<\/div>\n\t\t","protected":false},"excerpt":{"rendered":"<p>Gulvlegging Vi legger ditt nye gulv Skap en helhetlig atmosf\u00e6re i hjemmet ditt med v\u00e5r profesjonelle gulvinstallasjonstjeneste. Vi forst\u00e5r viktigheten av \u00e5 kombinere vegger, tak og gulv for \u00e5 skape et sammenhengende og imponerende resultat. V\u00e5re tjenester inkluderer: Parkettlegging for et elegant og naturlig utseende. Laminatlegging for et slitesterkt og lettstelt gulvalternativ. Polering av gulv [&hellip;]<\/p>\n","protected":false},"author":1,"featured_media":0,"parent":0,"menu_order":0,"comment_status":"closed","ping_status":"closed","template":"elementor_header_footer","meta":{"_glsr_average":0,"_glsr_ranking":0,"_glsr_reviews":0},"_links":{"self":[{"href":"https:\/\/dev-hvvh.net\/index.php\/wp-json\/wp\/v2\/pages\/378"}],"collection":[{"href":"https:\/\/dev-hvvh.net\/index.php\/wp-json\/wp\/v2\/pages"}],"about":[{"href":"https:\/\/dev-hvvh.net\/index.php\/wp-json\/wp\/v2\/types\/page"}],"author":[{"embeddable":true,"href":"https:\/\/dev-hvvh.net\/index.php\/wp-json\/wp\/v2\/users\/1"}],"replies":[{"embeddable":true,"href":"https:\/\/dev-hvvh.net\/index.php\/wp-json\/wp\/v2\/comments?post=378"}],"version-history":[{"count":14,"href":"https:\/\/dev-hvvh.net\/index.php\/wp-json\/wp\/v2\/pages\/378\/revisions"}],"predecessor-version":[{"id":1297,"href":"https:\/\/dev-hvvh.net\/index.php\/wp-json\/wp\/v2\/pages\/378\/revisions\/1297"}],"wp:attachment":[{"href":"https:\/\/dev-hvvh.net\/index.php\/wp-json\/wp\/v2\/media?parent=378"}],"curies":[{"name":"wp","href":"https:\/\/api.w.org\/{rel}","templated":true}]}}