{"id":366,"date":"2023-07-07T08:52:09","date_gmt":"2023-07-07T06:52:09","guid":{"rendered":"https:\/\/dev-hvvh.net\/?page_id=366"},"modified":"2023-07-26T21:29:31","modified_gmt":"2023-07-26T19:29:31","slug":"elementor-side-366","status":"publish","type":"page","link":"https:\/\/dev-hvvh.net\/index.php\/elementor-side-366\/","title":{"rendered":"Kj\u00f8kkenmontering"},"content":{"rendered":"\t\t<div data-elementor-type=\"wp-page\" data-elementor-id=\"366\" class=\"elementor elementor-366\">\n\t\t\t\t<div class=\"elementor-element elementor-element-37316d21 e-flex e-con-boxed e-con e-parent\" data-id=\"37316d21\" data-element_type=\"container\">\n\t\t\t\t\t<div class=\"e-con-inner\">\n\t\t<div class=\"elementor-element elementor-element-51f66604 e-con-full e-flex e-con e-parent\" data-id=\"51f66604\" data-element_type=\"container\">\n\t\t\t\t<div class=\"elementor-element elementor-element-441ae80a elementor-widget elementor-widget-heading\" data-id=\"441ae80a\" data-element_type=\"widget\" data-widget_type=\"heading.default\">\n\t\t\t\t<div class=\"elementor-widget-container\">\n\t\t\t<style>\/*! elementor - v3.23.0 - 05-08-2024 *\/\n.elementor-heading-title{padding:0;margin:0;line-height:1}.elementor-widget-heading .elementor-heading-title[class*=elementor-size-]>a{color:inherit;font-size:inherit;line-height:inherit}.elementor-widget-heading .elementor-heading-title.elementor-size-small{font-size:15px}.elementor-widget-heading .elementor-heading-title.elementor-size-medium{font-size:19px}.elementor-widget-heading .elementor-heading-title.elementor-size-large{font-size:29px}.elementor-widget-heading .elementor-heading-title.elementor-size-xl{font-size:39px}.elementor-widget-heading .elementor-heading-title.elementor-size-xxl{font-size:59px}<\/style><h2 class=\"elementor-heading-title elementor-size-default\">Kj\u00f8kkenmontering<\/h2>\t\t<\/div>\n\t\t\t\t<\/div>\n\t\t\t\t<\/div>\n\t\t\t\t\t<\/div>\n\t\t\t\t<\/div>\n\t\t<div class=\"elementor-element elementor-element-46bb1d95 e-flex e-con-boxed e-con e-parent\" data-id=\"46bb1d95\" data-element_type=\"container\">\n\t\t\t\t\t<div class=\"e-con-inner\">\n\t\t<div class=\"elementor-element elementor-element-73e853d5 e-con-full e-flex e-con e-parent\" data-id=\"73e853d5\" data-element_type=\"container\">\n\t\t\t\t<div class=\"elementor-element elementor-element-429067a elementor-widget elementor-widget-text-editor\" data-id=\"429067a\" data-element_type=\"widget\" data-widget_type=\"text-editor.default\">\n\t\t\t\t<div class=\"elementor-widget-container\">\n\t\t\t<style>\/*! elementor - v3.23.0 - 05-08-2024 *\/\n.elementor-widget-text-editor.elementor-drop-cap-view-stacked .elementor-drop-cap{background-color:#69727d;color:#fff}.elementor-widget-text-editor.elementor-drop-cap-view-framed .elementor-drop-cap{color:#69727d;border:3px solid;background-color:transparent}.elementor-widget-text-editor:not(.elementor-drop-cap-view-default) .elementor-drop-cap{margin-top:8px}.elementor-widget-text-editor:not(.elementor-drop-cap-view-default) .elementor-drop-cap-letter{width:1em;height:1em}.elementor-widget-text-editor .elementor-drop-cap{float:left;text-align:center;line-height:1;font-size:50px}.elementor-widget-text-editor .elementor-drop-cap-letter{display:inline-block}<\/style>\t\t\t\t<p><b>La oss installere ditt nye kj\u00f8kken<\/b><\/p><p>\u00a0Vi har spesialisert oss p\u00e5 IKEA-kj\u00f8kken, og tilbyr funksjonelle og prisgunstige l\u00f8sninger som gir et fantastisk resultat.<\/p><p>V\u00e5re tjenester inkluderer:<\/p><ul><li>Demontering av eksisterende kj\u00f8kken.<\/li><li>Klargj\u00f8ring av vegger og gulv for den nye installasjonen.<\/li><li>Montering av ditt nye IKEA-kj\u00f8kken med fokus p\u00e5 n\u00f8yaktighet og kvalitet.<\/li><li>Elektriker- og r\u00f8rleggerarbeid for en komplett og trygg kj\u00f8kkeninstallasjon.<\/li><li>Flislegging for \u00e5 gi en stilig og holdbar finish.<\/li><li>Full levering av tjenesten inkludert transport.<\/li><\/ul><p>Vi tar oss av hele prosessen, fra planlegging til sluttf\u00f8ring, for \u00e5 sikre at ditt nye kj\u00f8kken blir installert p\u00e5 en profesjonell og problemfri m\u00e5te.\u00a0<\/p><p>\u00a0Kontakt oss i dag for \u00e5 komme i gang med \u00e5 realisere dr\u00f8mmekj\u00f8kkenet ditt.<\/p><p>\u00a0<\/p>\t\t\t\t\t\t<\/div>\n\t\t\t\t<\/div>\n\t\t\t\t<\/div>\n\t\t<div class=\"elementor-element elementor-element-14eb32e4 e-con-full e-flex e-con e-parent\" data-id=\"14eb32e4\" data-element_type=\"container\">\n\t\t\t\t<div class=\"elementor-element elementor-element-571e9ad elementor-widget elementor-widget-image\" data-id=\"571e9ad\" data-element_type=\"widget\" data-widget_type=\"image.default\">\n\t\t\t\t<div class=\"elementor-widget-container\">\n\t\t\t<style>\/*! elementor - v3.23.0 - 05-08-2024 *\/\n.elementor-widget-image{text-align:center}.elementor-widget-image a{display:inline-block}.elementor-widget-image a img[src$=\".svg\"]{width:48px}.elementor-widget-image img{vertical-align:middle;display:inline-block}<\/style>\t\t\t\t\t\t\t\t\t\t<img fetchpriority=\"high\" decoding=\"async\" width=\"960\" height=\"540\" src=\"https:\/\/dev-hvvh.net\/wp-content\/uploads\/2023\/07\/Kjokken.webp\" class=\"attachment-large size-large wp-image-130\" alt=\"\" srcset=\"https:\/\/dev-hvvh.net\/wp-content\/uploads\/2023\/07\/Kjokken.webp 960w, https:\/\/dev-hvvh.net\/wp-content\/uploads\/2023\/07\/Kjokken-300x169.webp 300w, https:\/\/dev-hvvh.net\/wp-content\/uploads\/2023\/07\/Kjokken-768x432.webp 768w, https:\/\/dev-hvvh.net\/wp-content\/uploads\/2023\/07\/Kjokken-800x450.webp 800w\" sizes=\"(max-width: 960px) 100vw, 960px\" \/>\t\t\t\t\t\t\t\t\t\t\t\t\t<\/div>\n\t\t\t\t<\/div>\n\t\t\t\t<\/div>\n\t\t\t\t\t<\/div>\n\t\t\t\t<\/div>\n\t\t<div class=\"elementor-element elementor-element-89cb95b e-flex e-con-boxed e-con e-parent\" data-id=\"89cb95b\" data-element_type=\"container\">\n\t\t\t\t\t<div class=\"e-con-inner\">\n\t\t<div class=\"elementor-element elementor-element-d5821c6 e-con-full e-flex e-con e-parent\" data-id=\"d5821c6\" data-element_type=\"container\">\n\t\t\t\t<div class=\"elementor-element elementor-element-0d2f24f elementor-widget elementor-widget-image\" data-id=\"0d2f24f\" data-element_type=\"widget\" data-widget_type=\"image.default\">\n\t\t\t\t<div class=\"elementor-widget-container\">\n\t\t\t\t\t\t\t\t\t\t\t\t\t<img decoding=\"async\" width=\"576\" height=\"1024\" src=\"https:\/\/dev-hvvh.net\/wp-content\/uploads\/2023\/07\/20190927_115308-576x1024.jpg\" class=\"attachment-large size-large wp-image-1280\" alt=\"\" srcset=\"https:\/\/dev-hvvh.net\/wp-content\/uploads\/2023\/07\/20190927_115308-576x1024.jpg 576w, https:\/\/dev-hvvh.net\/wp-content\/uploads\/2023\/07\/20190927_115308-169x300.jpg 169w, https:\/\/dev-hvvh.net\/wp-content\/uploads\/2023\/07\/20190927_115308-768x1365.jpg 768w, https:\/\/dev-hvvh.net\/wp-content\/uploads\/2023\/07\/20190927_115308-864x1536.jpg 864w, https:\/\/dev-hvvh.net\/wp-content\/uploads\/2023\/07\/20190927_115308-1152x2048.jpg 1152w, https:\/\/dev-hvvh.net\/wp-content\/uploads\/2023\/07\/20190927_115308-scaled.jpg 1440w\" sizes=\"(max-width: 576px) 100vw, 576px\" \/>\t\t\t\t\t\t\t\t\t\t\t\t\t<\/div>\n\t\t\t\t<\/div>\n\t\t\t\t<\/div>\n\t\t<div class=\"elementor-element elementor-element-8e61f5a e-con-full e-flex e-con e-parent\" data-id=\"8e61f5a\" data-element_type=\"container\">\n\t\t\t\t<div class=\"elementor-element elementor-element-4a73d9f elementor-widget elementor-widget-image\" data-id=\"4a73d9f\" data-element_type=\"widget\" data-widget_type=\"image.default\">\n\t\t\t\t<div class=\"elementor-widget-container\">\n\t\t\t\t\t\t\t\t\t\t\t\t\t<img decoding=\"async\" width=\"576\" height=\"1024\" src=\"https:\/\/dev-hvvh.net\/wp-content\/uploads\/2023\/07\/20160706_162621-576x1024.jpg\" class=\"attachment-large size-large wp-image-1270\" alt=\"\" srcset=\"https:\/\/dev-hvvh.net\/wp-content\/uploads\/2023\/07\/20160706_162621-576x1024.jpg 576w, https:\/\/dev-hvvh.net\/wp-content\/uploads\/2023\/07\/20160706_162621-169x300.jpg 169w, https:\/\/dev-hvvh.net\/wp-content\/uploads\/2023\/07\/20160706_162621-768x1365.jpg 768w, https:\/\/dev-hvvh.net\/wp-content\/uploads\/2023\/07\/20160706_162621-864x1536.jpg 864w, https:\/\/dev-hvvh.net\/wp-content\/uploads\/2023\/07\/20160706_162621-1152x2048.jpg 1152w, https:\/\/dev-hvvh.net\/wp-content\/uploads\/2023\/07\/20160706_162621-scaled.jpg 1440w\" sizes=\"(max-width: 576px) 100vw, 576px\" \/>\t\t\t\t\t\t\t\t\t\t\t\t\t<\/div>\n\t\t\t\t<\/div>\n\t\t\t\t<\/div>\n\t\t\t\t\t<\/div>\n\t\t\t\t<\/div>\n\t\t\t\t<\/div>\n\t\t","protected":false},"excerpt":{"rendered":"<p>Kj\u00f8kkenmontering La oss installere ditt nye kj\u00f8kken \u00a0Vi har spesialisert oss p\u00e5 IKEA-kj\u00f8kken, og tilbyr funksjonelle og prisgunstige l\u00f8sninger som gir et fantastisk resultat. V\u00e5re tjenester inkluderer: Demontering av eksisterende kj\u00f8kken. Klargj\u00f8ring av vegger og gulv for den nye installasjonen. Montering av ditt nye IKEA-kj\u00f8kken med fokus p\u00e5 n\u00f8yaktighet og kvalitet. Elektriker- og r\u00f8rleggerarbeid for [&hellip;]<\/p>\n","protected":false},"author":1,"featured_media":0,"parent":0,"menu_order":0,"comment_status":"closed","ping_status":"closed","template":"elementor_header_footer","meta":{"_glsr_average":0,"_glsr_ranking":0,"_glsr_reviews":0},"_links":{"self":[{"href":"https:\/\/dev-hvvh.net\/index.php\/wp-json\/wp\/v2\/pages\/366"}],"collection":[{"href":"https:\/\/dev-hvvh.net\/index.php\/wp-json\/wp\/v2\/pages"}],"about":[{"href":"https:\/\/dev-hvvh.net\/index.php\/wp-json\/wp\/v2\/types\/page"}],"author":[{"embeddable":true,"href":"https:\/\/dev-hvvh.net\/index.php\/wp-json\/wp\/v2\/users\/1"}],"replies":[{"embeddable":true,"href":"https:\/\/dev-hvvh.net\/index.php\/wp-json\/wp\/v2\/comments?post=366"}],"version-history":[{"count":20,"href":"https:\/\/dev-hvvh.net\/index.php\/wp-json\/wp\/v2\/pages\/366\/revisions"}],"predecessor-version":[{"id":1290,"href":"https:\/\/dev-hvvh.net\/index.php\/wp-json\/wp\/v2\/pages\/366\/revisions\/1290"}],"wp:attachment":[{"href":"https:\/\/dev-hvvh.net\/index.php\/wp-json\/wp\/v2\/media?parent=366"}],"curies":[{"name":"wp","href":"https:\/\/api.w.org\/{rel}","templated":true}]}}