{"id":328,"date":"2023-07-07T07:34:06","date_gmt":"2023-07-07T05:34:06","guid":{"rendered":"https:\/\/dev-hvvh.net\/?page_id=328"},"modified":"2023-07-26T21:48:55","modified_gmt":"2023-07-26T19:48:55","slug":"malerarbeid","status":"publish","type":"page","link":"https:\/\/dev-hvvh.net\/index.php\/malerarbeid\/","title":{"rendered":"Malerarbeid"},"content":{"rendered":"\t\t<div data-elementor-type=\"wp-page\" data-elementor-id=\"328\" class=\"elementor elementor-328\">\n\t\t\t\t<div class=\"elementor-element elementor-element-3b35a66e e-flex e-con-boxed e-con e-parent\" data-id=\"3b35a66e\" data-element_type=\"container\">\n\t\t\t\t\t<div class=\"e-con-inner\">\n\t\t<div class=\"elementor-element elementor-element-5acb5c8f e-con-full e-flex e-con e-parent\" data-id=\"5acb5c8f\" data-element_type=\"container\">\n\t\t\t\t<div class=\"elementor-element elementor-element-51ddf9ab elementor-widget elementor-widget-heading\" data-id=\"51ddf9ab\" data-element_type=\"widget\" data-widget_type=\"heading.default\">\n\t\t\t\t<div class=\"elementor-widget-container\">\n\t\t\t<style>\/*! elementor - v3.23.0 - 05-08-2024 *\/\n.elementor-heading-title{padding:0;margin:0;line-height:1}.elementor-widget-heading .elementor-heading-title[class*=elementor-size-]>a{color:inherit;font-size:inherit;line-height:inherit}.elementor-widget-heading .elementor-heading-title.elementor-size-small{font-size:15px}.elementor-widget-heading .elementor-heading-title.elementor-size-medium{font-size:19px}.elementor-widget-heading .elementor-heading-title.elementor-size-large{font-size:29px}.elementor-widget-heading .elementor-heading-title.elementor-size-xl{font-size:39px}.elementor-widget-heading .elementor-heading-title.elementor-size-xxl{font-size:59px}<\/style><h2 class=\"elementor-heading-title elementor-size-default\">Malerarbeid<\/h2>\t\t<\/div>\n\t\t\t\t<\/div>\n\t\t\t\t<\/div>\n\t\t\t\t\t<\/div>\n\t\t\t\t<\/div>\n\t\t<div class=\"elementor-element elementor-element-77a5eaaa e-flex e-con-boxed e-con e-parent\" data-id=\"77a5eaaa\" data-element_type=\"container\">\n\t\t\t\t\t<div class=\"e-con-inner\">\n\t\t<div class=\"elementor-element elementor-element-5625bb57 e-con-full e-flex e-con e-parent\" data-id=\"5625bb57\" data-element_type=\"container\">\n\t\t\t\t<div class=\"elementor-element elementor-element-d4e2ce2 elementor-widget elementor-widget-text-editor\" data-id=\"d4e2ce2\" data-element_type=\"widget\" data-widget_type=\"text-editor.default\">\n\t\t\t\t<div class=\"elementor-widget-container\">\n\t\t\t<style>\/*! elementor - v3.23.0 - 05-08-2024 *\/\n.elementor-widget-text-editor.elementor-drop-cap-view-stacked .elementor-drop-cap{background-color:#69727d;color:#fff}.elementor-widget-text-editor.elementor-drop-cap-view-framed .elementor-drop-cap{color:#69727d;border:3px solid;background-color:transparent}.elementor-widget-text-editor:not(.elementor-drop-cap-view-default) .elementor-drop-cap{margin-top:8px}.elementor-widget-text-editor:not(.elementor-drop-cap-view-default) .elementor-drop-cap-letter{width:1em;height:1em}.elementor-widget-text-editor .elementor-drop-cap{float:left;text-align:center;line-height:1;font-size:50px}.elementor-widget-text-editor .elementor-drop-cap-letter{display:inline-block}<\/style>\t\t\t\t<p style=\"font-variant-ligatures: normal; font-variant-caps: normal; font-family: Roboto, sans-serif; font-size: 25px; font-style: normal; font-weight: 400;\"><span style=\"font-size: 25px; font-weight: bold;\">Forny ditt hjem med v\u00e5r erfarne malerservice.&nbsp;<\/span><\/p>\n<p style=\"font-variant-ligatures: normal; font-variant-caps: normal; font-family: Roboto, sans-serif; font-size: 25px; font-style: normal; font-weight: 400;\">Med over 30 \u00e5rs erfaring innen malerbransjen, forst\u00e5r vi viktigheten av grundig forarbeid for \u00e5 oppn\u00e5 et tilfredstillende og varig resultat. V\u00e5re tjenester inkluderer:&nbsp;<\/p>\n<ul style=\"font-variant-ligatures: normal; font-variant-caps: normal; font-family: Roboto, sans-serif; font-size: 25px; font-style: normal; font-weight: 400;\">\n<li style=\"font-size: 25px;\">Innvendig maling&nbsp;<\/li>\n<li style=\"font-size: 25px;\">Utvendig maling<\/li>\n<li style=\"font-size: 25px;\">Helsparkling av gips og mur<\/li>\n<li style=\"font-size: 25px;\">Tapetsering av alle typer tapet<\/li>\n<\/ul>\n<p style=\"font-variant-ligatures: normal; font-variant-caps: normal; font-family: Roboto, sans-serif; font-size: 25px; font-style: normal; font-weight: 400;\">Vi tar h\u00e5nd om hele prosessen, fra forberedelse og reparasjoner til p\u00e5f\u00f8ring av maling og tapet.&nbsp;&nbsp;<\/p>\n<p style=\"font-variant-ligatures: normal; font-variant-caps: normal; font-family: Roboto, sans-serif; font-size: 25px; font-style: normal; font-weight: 400;\">Ta kontakt i dag for en profesjonell og p\u00e5litelig malerservice.<\/p>\n<p><\/p>\t\t\t\t\t\t<\/div>\n\t\t\t\t<\/div>\n\t\t\t\t<\/div>\n\t\t<div class=\"elementor-element elementor-element-6b0aba89 e-con-full e-flex e-con e-parent\" data-id=\"6b0aba89\" data-element_type=\"container\">\n\t\t\t\t<div class=\"elementor-element elementor-element-74b8426a elementor-widget elementor-widget-image\" data-id=\"74b8426a\" data-element_type=\"widget\" data-widget_type=\"image.default\">\n\t\t\t\t<div class=\"elementor-widget-container\">\n\t\t\t<style>\/*! elementor - v3.23.0 - 05-08-2024 *\/\n.elementor-widget-image{text-align:center}.elementor-widget-image a{display:inline-block}.elementor-widget-image a img[src$=\".svg\"]{width:48px}.elementor-widget-image img{vertical-align:middle;display:inline-block}<\/style>\t\t\t\t\t\t\t\t\t\t<img fetchpriority=\"high\" decoding=\"async\" width=\"576\" height=\"1024\" src=\"https:\/\/dev-hvvh.net\/wp-content\/uploads\/2023\/07\/20220706_110102-576x1024.jpg\" class=\"attachment-large size-large wp-image-1247\" alt=\"\" srcset=\"https:\/\/dev-hvvh.net\/wp-content\/uploads\/2023\/07\/20220706_110102-576x1024.jpg 576w, https:\/\/dev-hvvh.net\/wp-content\/uploads\/2023\/07\/20220706_110102-169x300.jpg 169w, https:\/\/dev-hvvh.net\/wp-content\/uploads\/2023\/07\/20220706_110102-768x1365.jpg 768w, https:\/\/dev-hvvh.net\/wp-content\/uploads\/2023\/07\/20220706_110102-864x1536.jpg 864w, https:\/\/dev-hvvh.net\/wp-content\/uploads\/2023\/07\/20220706_110102-1152x2048.jpg 1152w, https:\/\/dev-hvvh.net\/wp-content\/uploads\/2023\/07\/20220706_110102-scaled.jpg 1440w\" sizes=\"(max-width: 576px) 100vw, 576px\" \/>\t\t\t\t\t\t\t\t\t\t\t\t\t<\/div>\n\t\t\t\t<\/div>\n\t\t\t\t<\/div>\n\t\t\t\t\t<\/div>\n\t\t\t\t<\/div>\n\t\t<div class=\"elementor-element elementor-element-876fa54 e-flex e-con-boxed e-con e-parent\" data-id=\"876fa54\" data-element_type=\"container\">\n\t\t\t\t\t<div class=\"e-con-inner\">\n\t\t<div class=\"elementor-element elementor-element-0ebe88f e-con-full e-flex e-con e-parent\" data-id=\"0ebe88f\" data-element_type=\"container\">\n\t\t\t\t<div class=\"elementor-element elementor-element-16bfb3b elementor-widget elementor-widget-image\" data-id=\"16bfb3b\" data-element_type=\"widget\" data-widget_type=\"image.default\">\n\t\t\t\t<div class=\"elementor-widget-container\">\n\t\t\t\t\t\t\t\t\t\t\t\t\t<img decoding=\"async\" width=\"768\" height=\"1024\" src=\"https:\/\/dev-hvvh.net\/wp-content\/uploads\/2023\/07\/received_662029525426088-768x1024.jpeg\" class=\"attachment-large size-large wp-image-1257\" alt=\"\" srcset=\"https:\/\/dev-hvvh.net\/wp-content\/uploads\/2023\/07\/received_662029525426088-768x1024.jpeg 768w, https:\/\/dev-hvvh.net\/wp-content\/uploads\/2023\/07\/received_662029525426088-225x300.jpeg 225w, https:\/\/dev-hvvh.net\/wp-content\/uploads\/2023\/07\/received_662029525426088-1152x1536.jpeg 1152w, https:\/\/dev-hvvh.net\/wp-content\/uploads\/2023\/07\/received_662029525426088.jpeg 1536w\" sizes=\"(max-width: 768px) 100vw, 768px\" \/>\t\t\t\t\t\t\t\t\t\t\t\t\t<\/div>\n\t\t\t\t<\/div>\n\t\t\t\t<\/div>\n\t\t<div class=\"elementor-element elementor-element-f2a69ef e-con-full e-flex e-con e-parent\" data-id=\"f2a69ef\" data-element_type=\"container\">\n\t\t\t\t<div class=\"elementor-element elementor-element-6bbdd6a elementor-widget elementor-widget-image\" data-id=\"6bbdd6a\" data-element_type=\"widget\" data-widget_type=\"image.default\">\n\t\t\t\t<div class=\"elementor-widget-container\">\n\t\t\t\t\t\t\t\t\t\t\t\t\t<img decoding=\"async\" width=\"1000\" height=\"791\" src=\"https:\/\/dev-hvvh.net\/wp-content\/uploads\/2023\/07\/Stillas.jpg\" class=\"attachment-large size-large wp-image-991\" alt=\"\" srcset=\"https:\/\/dev-hvvh.net\/wp-content\/uploads\/2023\/07\/Stillas.jpg 1000w, https:\/\/dev-hvvh.net\/wp-content\/uploads\/2023\/07\/Stillas-300x237.jpg 300w, https:\/\/dev-hvvh.net\/wp-content\/uploads\/2023\/07\/Stillas-768x607.jpg 768w\" sizes=\"(max-width: 1000px) 100vw, 1000px\" \/>\t\t\t\t\t\t\t\t\t\t\t\t\t<\/div>\n\t\t\t\t<\/div>\n\t\t\t\t<\/div>\n\t\t<div class=\"elementor-element elementor-element-5025cf5 e-con-full e-flex e-con e-parent\" data-id=\"5025cf5\" data-element_type=\"container\">\n\t\t\t\t<div class=\"elementor-element elementor-element-62c9dbf elementor-widget elementor-widget-image\" data-id=\"62c9dbf\" data-element_type=\"widget\" data-widget_type=\"image.default\">\n\t\t\t\t<div class=\"elementor-widget-container\">\n\t\t\t\t\t\t\t\t\t\t\t\t\t<img loading=\"lazy\" decoding=\"async\" width=\"1024\" height=\"576\" src=\"https:\/\/dev-hvvh.net\/wp-content\/uploads\/2023\/07\/358331181_991832108619161_2987157159906801564_n-1024x576.jpg\" class=\"attachment-large size-large wp-image-468\" alt=\"\" srcset=\"https:\/\/dev-hvvh.net\/wp-content\/uploads\/2023\/07\/358331181_991832108619161_2987157159906801564_n-1024x576.jpg 1024w, https:\/\/dev-hvvh.net\/wp-content\/uploads\/2023\/07\/358331181_991832108619161_2987157159906801564_n-300x169.jpg 300w, https:\/\/dev-hvvh.net\/wp-content\/uploads\/2023\/07\/358331181_991832108619161_2987157159906801564_n-768x432.jpg 768w, https:\/\/dev-hvvh.net\/wp-content\/uploads\/2023\/07\/358331181_991832108619161_2987157159906801564_n-1536x864.jpg 1536w, https:\/\/dev-hvvh.net\/wp-content\/uploads\/2023\/07\/358331181_991832108619161_2987157159906801564_n-800x450.jpg 800w, https:\/\/dev-hvvh.net\/wp-content\/uploads\/2023\/07\/358331181_991832108619161_2987157159906801564_n.jpg 2048w\" sizes=\"(max-width: 1024px) 100vw, 1024px\" \/>\t\t\t\t\t\t\t\t\t\t\t\t\t<\/div>\n\t\t\t\t<\/div>\n\t\t\t\t<\/div>\n\t\t<div class=\"elementor-element elementor-element-2e66971 e-con-full e-flex e-con e-parent\" data-id=\"2e66971\" data-element_type=\"container\">\n\t\t\t\t<div class=\"elementor-element elementor-element-cf56aa0 elementor-widget elementor-widget-image\" data-id=\"cf56aa0\" data-element_type=\"widget\" data-widget_type=\"image.default\">\n\t\t\t\t<div class=\"elementor-widget-container\">\n\t\t\t\t\t\t\t\t\t\t\t\t\t<img loading=\"lazy\" decoding=\"async\" width=\"960\" height=\"960\" src=\"https:\/\/dev-hvvh.net\/wp-content\/uploads\/2023\/07\/FB_IMG_1685879129684.jpg\" class=\"attachment-large size-large wp-image-1255\" alt=\"\" srcset=\"https:\/\/dev-hvvh.net\/wp-content\/uploads\/2023\/07\/FB_IMG_1685879129684.jpg 960w, https:\/\/dev-hvvh.net\/wp-content\/uploads\/2023\/07\/FB_IMG_1685879129684-300x300.jpg 300w, https:\/\/dev-hvvh.net\/wp-content\/uploads\/2023\/07\/FB_IMG_1685879129684-150x150.jpg 150w, https:\/\/dev-hvvh.net\/wp-content\/uploads\/2023\/07\/FB_IMG_1685879129684-768x768.jpg 768w, https:\/\/dev-hvvh.net\/wp-content\/uploads\/2023\/07\/FB_IMG_1685879129684-600x600.jpg 600w\" sizes=\"(max-width: 960px) 100vw, 960px\" \/>\t\t\t\t\t\t\t\t\t\t\t\t\t<\/div>\n\t\t\t\t<\/div>\n\t\t\t\t<\/div>\n\t\t<div class=\"elementor-element elementor-element-8c2b9fe e-con-full e-flex e-con e-parent\" data-id=\"8c2b9fe\" data-element_type=\"container\">\n\t\t\t\t<div class=\"elementor-element elementor-element-dcc32c1 elementor-widget elementor-widget-image\" data-id=\"dcc32c1\" data-element_type=\"widget\" data-widget_type=\"image.default\">\n\t\t\t\t<div class=\"elementor-widget-container\">\n\t\t\t\t\t\t\t\t\t\t\t\t\t<img loading=\"lazy\" decoding=\"async\" width=\"650\" height=\"1024\" src=\"https:\/\/dev-hvvh.net\/wp-content\/uploads\/2023\/07\/20230519_113014-650x1024.jpg\" class=\"attachment-large size-large wp-image-1220\" alt=\"\" srcset=\"https:\/\/dev-hvvh.net\/wp-content\/uploads\/2023\/07\/20230519_113014-650x1024.jpg 650w, https:\/\/dev-hvvh.net\/wp-content\/uploads\/2023\/07\/20230519_113014-191x300.jpg 191w, https:\/\/dev-hvvh.net\/wp-content\/uploads\/2023\/07\/20230519_113014-768x1209.jpg 768w, https:\/\/dev-hvvh.net\/wp-content\/uploads\/2023\/07\/20230519_113014-976x1536.jpg 976w, https:\/\/dev-hvvh.net\/wp-content\/uploads\/2023\/07\/20230519_113014-1301x2048.jpg 1301w, https:\/\/dev-hvvh.net\/wp-content\/uploads\/2023\/07\/20230519_113014-scaled.jpg 1626w\" sizes=\"(max-width: 650px) 100vw, 650px\" \/>\t\t\t\t\t\t\t\t\t\t\t\t\t<\/div>\n\t\t\t\t<\/div>\n\t\t\t\t<\/div>\n\t\t<div class=\"elementor-element elementor-element-01083b4 e-con-full e-flex e-con e-parent\" data-id=\"01083b4\" data-element_type=\"container\">\n\t\t\t\t<div class=\"elementor-element elementor-element-276a8cd elementor-widget elementor-widget-image\" data-id=\"276a8cd\" data-element_type=\"widget\" data-widget_type=\"image.default\">\n\t\t\t\t<div class=\"elementor-widget-container\">\n\t\t\t\t\t\t\t\t\t\t\t\t\t<img loading=\"lazy\" decoding=\"async\" width=\"576\" height=\"1024\" src=\"https:\/\/dev-hvvh.net\/wp-content\/uploads\/2023\/07\/358672177_252830370790060_2223459625384126590_n-1.jpg\" class=\"attachment-large size-large wp-image-772\" alt=\"\" \/>\t\t\t\t\t\t\t\t\t\t\t\t\t<\/div>\n\t\t\t\t<\/div>\n\t\t\t\t<\/div>\n\t\t\t\t\t<\/div>\n\t\t\t\t<\/div>\n\t\t<div class=\"elementor-element elementor-element-e34a21a e-flex e-con-boxed e-con e-parent\" data-id=\"e34a21a\" data-element_type=\"container\">\n\t\t\t\t\t<div class=\"e-con-inner\">\n\t\t<div class=\"elementor-element elementor-element-42dc87f e-con-full e-flex e-con e-parent\" data-id=\"42dc87f\" data-element_type=\"container\">\n\t\t\t\t<div class=\"elementor-element elementor-element-6e3a320 elementor-widget elementor-widget-image\" data-id=\"6e3a320\" data-element_type=\"widget\" data-widget_type=\"image.default\">\n\t\t\t\t<div class=\"elementor-widget-container\">\n\t\t\t\t\t\t\t\t\t\t\t\t\t<img loading=\"lazy\" decoding=\"async\" width=\"768\" height=\"1024\" src=\"https:\/\/dev-hvvh.net\/wp-content\/uploads\/2023\/07\/20171227_145704-768x1024.jpg\" class=\"attachment-large size-large wp-image-1278\" alt=\"\" srcset=\"https:\/\/dev-hvvh.net\/wp-content\/uploads\/2023\/07\/20171227_145704-768x1024.jpg 768w, https:\/\/dev-hvvh.net\/wp-content\/uploads\/2023\/07\/20171227_145704-225x300.jpg 225w, https:\/\/dev-hvvh.net\/wp-content\/uploads\/2023\/07\/20171227_145704-1152x1536.jpg 1152w, https:\/\/dev-hvvh.net\/wp-content\/uploads\/2023\/07\/20171227_145704-1536x2048.jpg 1536w, https:\/\/dev-hvvh.net\/wp-content\/uploads\/2023\/07\/20171227_145704-scaled.jpg 1920w\" sizes=\"(max-width: 768px) 100vw, 768px\" \/>\t\t\t\t\t\t\t\t\t\t\t\t\t<\/div>\n\t\t\t\t<\/div>\n\t\t\t\t<\/div>\n\t\t<div class=\"elementor-element elementor-element-c948ead e-con-full e-flex e-con e-parent\" data-id=\"c948ead\" data-element_type=\"container\">\n\t\t\t\t<div class=\"elementor-element elementor-element-5680d71 elementor-widget elementor-widget-image\" data-id=\"5680d71\" data-element_type=\"widget\" data-widget_type=\"image.default\">\n\t\t\t\t<div class=\"elementor-widget-container\">\n\t\t\t\t\t\t\t\t\t\t\t\t\t<img loading=\"lazy\" decoding=\"async\" width=\"768\" height=\"1024\" src=\"https:\/\/dev-hvvh.net\/wp-content\/uploads\/2023\/07\/20180101_102528-768x1024.jpg\" class=\"attachment-large size-large wp-image-1279\" alt=\"\" srcset=\"https:\/\/dev-hvvh.net\/wp-content\/uploads\/2023\/07\/20180101_102528-768x1024.jpg 768w, https:\/\/dev-hvvh.net\/wp-content\/uploads\/2023\/07\/20180101_102528-225x300.jpg 225w, https:\/\/dev-hvvh.net\/wp-content\/uploads\/2023\/07\/20180101_102528-1152x1536.jpg 1152w, https:\/\/dev-hvvh.net\/wp-content\/uploads\/2023\/07\/20180101_102528-1536x2048.jpg 1536w, https:\/\/dev-hvvh.net\/wp-content\/uploads\/2023\/07\/20180101_102528-scaled.jpg 1920w\" sizes=\"(max-width: 768px) 100vw, 768px\" \/>\t\t\t\t\t\t\t\t\t\t\t\t\t<\/div>\n\t\t\t\t<\/div>\n\t\t\t\t<\/div>\n\t\t<div class=\"elementor-element elementor-element-8f1f580 e-con-full e-flex e-con e-parent\" data-id=\"8f1f580\" data-element_type=\"container\">\n\t\t\t\t<div class=\"elementor-element elementor-element-be256c7 elementor-widget elementor-widget-image\" data-id=\"be256c7\" data-element_type=\"widget\" data-widget_type=\"image.default\">\n\t\t\t\t<div class=\"elementor-widget-container\">\n\t\t\t\t\t\t\t\t\t\t\t\t\t<img loading=\"lazy\" decoding=\"async\" width=\"1024\" height=\"576\" src=\"https:\/\/dev-hvvh.net\/wp-content\/uploads\/2023\/07\/20170727_094900-1024x576.jpg\" class=\"attachment-large size-large wp-image-1274\" alt=\"\" srcset=\"https:\/\/dev-hvvh.net\/wp-content\/uploads\/2023\/07\/20170727_094900-1024x576.jpg 1024w, https:\/\/dev-hvvh.net\/wp-content\/uploads\/2023\/07\/20170727_094900-300x169.jpg 300w, https:\/\/dev-hvvh.net\/wp-content\/uploads\/2023\/07\/20170727_094900-768x432.jpg 768w, https:\/\/dev-hvvh.net\/wp-content\/uploads\/2023\/07\/20170727_094900-1536x864.jpg 1536w, https:\/\/dev-hvvh.net\/wp-content\/uploads\/2023\/07\/20170727_094900-2048x1152.jpg 2048w, https:\/\/dev-hvvh.net\/wp-content\/uploads\/2023\/07\/20170727_094900-800x450.jpg 800w\" sizes=\"(max-width: 1024px) 100vw, 1024px\" \/>\t\t\t\t\t\t\t\t\t\t\t\t\t<\/div>\n\t\t\t\t<\/div>\n\t\t\t\t<\/div>\n\t\t<div class=\"elementor-element elementor-element-7ef7627 e-con-full e-flex e-con e-parent\" data-id=\"7ef7627\" data-element_type=\"container\">\n\t\t\t\t<div class=\"elementor-element elementor-element-8479822 elementor-widget elementor-widget-image\" data-id=\"8479822\" data-element_type=\"widget\" data-widget_type=\"image.default\">\n\t\t\t\t<div class=\"elementor-widget-container\">\n\t\t\t\t\t\t\t\t\t\t\t\t\t<img loading=\"lazy\" decoding=\"async\" width=\"640\" height=\"867\" src=\"https:\/\/dev-hvvh.net\/wp-content\/uploads\/2023\/07\/355966320_2180129512179175_3355261382841602780_n.jpg\" class=\"attachment-large size-large wp-image-487\" alt=\"\" srcset=\"https:\/\/dev-hvvh.net\/wp-content\/uploads\/2023\/07\/355966320_2180129512179175_3355261382841602780_n.jpg 640w, https:\/\/dev-hvvh.net\/wp-content\/uploads\/2023\/07\/355966320_2180129512179175_3355261382841602780_n-221x300.jpg 221w\" sizes=\"(max-width: 640px) 100vw, 640px\" \/>\t\t\t\t\t\t\t\t\t\t\t\t\t<\/div>\n\t\t\t\t<\/div>\n\t\t\t\t<\/div>\n\t\t\t\t\t<\/div>\n\t\t\t\t<\/div>\n\t\t\t\t<\/div>\n\t\t","protected":false},"excerpt":{"rendered":"<p>Malerarbeid Forny ditt hjem med v\u00e5r erfarne malerservice.&nbsp; Med over 30 \u00e5rs erfaring innen malerbransjen, forst\u00e5r vi viktigheten av grundig forarbeid for \u00e5 oppn\u00e5 et tilfredstillende og varig resultat. V\u00e5re tjenester inkluderer:&nbsp; Innvendig maling&nbsp; Utvendig maling Helsparkling av gips og mur Tapetsering av alle typer tapet Vi tar h\u00e5nd om hele prosessen, fra forberedelse og [&hellip;]<\/p>\n","protected":false},"author":1,"featured_media":0,"parent":0,"menu_order":0,"comment_status":"closed","ping_status":"closed","template":"elementor_header_footer","meta":{"_glsr_average":0,"_glsr_ranking":0,"_glsr_reviews":0},"_links":{"self":[{"href":"https:\/\/dev-hvvh.net\/index.php\/wp-json\/wp\/v2\/pages\/328"}],"collection":[{"href":"https:\/\/dev-hvvh.net\/index.php\/wp-json\/wp\/v2\/pages"}],"about":[{"href":"https:\/\/dev-hvvh.net\/index.php\/wp-json\/wp\/v2\/types\/page"}],"author":[{"embeddable":true,"href":"https:\/\/dev-hvvh.net\/index.php\/wp-json\/wp\/v2\/users\/1"}],"replies":[{"embeddable":true,"href":"https:\/\/dev-hvvh.net\/index.php\/wp-json\/wp\/v2\/comments?post=328"}],"version-history":[{"count":43,"href":"https:\/\/dev-hvvh.net\/index.php\/wp-json\/wp\/v2\/pages\/328\/revisions"}],"predecessor-version":[{"id":1304,"href":"https:\/\/dev-hvvh.net\/index.php\/wp-json\/wp\/v2\/pages\/328\/revisions\/1304"}],"wp:attachment":[{"href":"https:\/\/dev-hvvh.net\/index.php\/wp-json\/wp\/v2\/media?parent=328"}],"curies":[{"name":"wp","href":"https:\/\/api.w.org\/{rel}","templated":true}]}}