{"id":196,"date":"2023-07-06T23:49:53","date_gmt":"2023-07-06T21:49:53","guid":{"rendered":"https:\/\/dev-hvvh.net\/?page_id=196"},"modified":"2023-08-12T15:57:03","modified_gmt":"2023-08-12T13:57:03","slug":"referanseprosjekter","status":"publish","type":"page","link":"https:\/\/dev-hvvh.net\/index.php\/referanseprosjekter\/","title":{"rendered":"Referanseprosjekter"},"content":{"rendered":"\t\t<div data-elementor-type=\"wp-page\" data-elementor-id=\"196\" class=\"elementor elementor-196\">\n\t\t\t\t<div class=\"elementor-element elementor-element-a6a8fb2 e-flex e-con-boxed e-con e-parent\" data-id=\"a6a8fb2\" data-element_type=\"container\">\n\t\t\t\t\t<div class=\"e-con-inner\">\n\t\t\t\t<div class=\"elementor-element elementor-element-5b383f7 elementor-widget elementor-widget-spacer\" data-id=\"5b383f7\" data-element_type=\"widget\" data-widget_type=\"spacer.default\">\n\t\t\t\t<div class=\"elementor-widget-container\">\n\t\t\t<style>\/*! elementor - v3.23.0 - 05-08-2024 *\/\n.elementor-column .elementor-spacer-inner{height:var(--spacer-size)}.e-con{--container-widget-width:100%}.e-con-inner>.elementor-widget-spacer,.e-con>.elementor-widget-spacer{width:var(--container-widget-width,var(--spacer-size));--align-self:var(--container-widget-align-self,initial);--flex-shrink:0}.e-con-inner>.elementor-widget-spacer>.elementor-widget-container,.e-con>.elementor-widget-spacer>.elementor-widget-container{height:100%;width:100%}.e-con-inner>.elementor-widget-spacer>.elementor-widget-container>.elementor-spacer,.e-con>.elementor-widget-spacer>.elementor-widget-container>.elementor-spacer{height:100%}.e-con-inner>.elementor-widget-spacer>.elementor-widget-container>.elementor-spacer>.elementor-spacer-inner,.e-con>.elementor-widget-spacer>.elementor-widget-container>.elementor-spacer>.elementor-spacer-inner{height:var(--container-widget-height,var(--spacer-size))}.e-con-inner>.elementor-widget-spacer.elementor-widget-empty,.e-con>.elementor-widget-spacer.elementor-widget-empty{position:relative;min-height:22px;min-width:22px}.e-con-inner>.elementor-widget-spacer.elementor-widget-empty .elementor-widget-empty-icon,.e-con>.elementor-widget-spacer.elementor-widget-empty .elementor-widget-empty-icon{position:absolute;top:0;bottom:0;left:0;right:0;margin:auto;padding:0;width:22px;height:22px}<\/style>\t\t<div class=\"elementor-spacer\">\n\t\t\t<div class=\"elementor-spacer-inner\"><\/div>\n\t\t<\/div>\n\t\t\t\t<\/div>\n\t\t\t\t<\/div>\n\t\t\t\t<div class=\"elementor-element elementor-element-0518c23 elementor-widget elementor-widget-heading\" data-id=\"0518c23\" data-element_type=\"widget\" data-widget_type=\"heading.default\">\n\t\t\t\t<div class=\"elementor-widget-container\">\n\t\t\t<style>\/*! elementor - v3.23.0 - 05-08-2024 *\/\n.elementor-heading-title{padding:0;margin:0;line-height:1}.elementor-widget-heading .elementor-heading-title[class*=elementor-size-]>a{color:inherit;font-size:inherit;line-height:inherit}.elementor-widget-heading .elementor-heading-title.elementor-size-small{font-size:15px}.elementor-widget-heading .elementor-heading-title.elementor-size-medium{font-size:19px}.elementor-widget-heading .elementor-heading-title.elementor-size-large{font-size:29px}.elementor-widget-heading .elementor-heading-title.elementor-size-xl{font-size:39px}.elementor-widget-heading .elementor-heading-title.elementor-size-xxl{font-size:59px}<\/style><h2 class=\"elementor-heading-title elementor-size-default\">Referanseprosjekter<\/h2>\t\t<\/div>\n\t\t\t\t<\/div>\n\t\t\t\t<div class=\"elementor-element elementor-element-a6b92f9 elementor-widget elementor-widget-spacer\" data-id=\"a6b92f9\" data-element_type=\"widget\" data-widget_type=\"spacer.default\">\n\t\t\t\t<div class=\"elementor-widget-container\">\n\t\t\t\t\t<div class=\"elementor-spacer\">\n\t\t\t<div class=\"elementor-spacer-inner\"><\/div>\n\t\t<\/div>\n\t\t\t\t<\/div>\n\t\t\t\t<\/div>\n\t\t\t\t\t<\/div>\n\t\t\t\t<\/div>\n\t\t<div class=\"elementor-element elementor-element-9338eaa e-flex e-con-boxed e-con e-parent\" data-id=\"9338eaa\" data-element_type=\"container\">\n\t\t\t\t\t<div class=\"e-con-inner\">\n\t\t<div class=\"elementor-element elementor-element-9710a47 e-con-full e-flex e-con e-parent\" data-id=\"9710a47\" data-element_type=\"container\">\n\t\t\t\t<div class=\"elementor-element elementor-element-79b97283 elementor-widget elementor-widget-image\" data-id=\"79b97283\" data-element_type=\"widget\" data-widget_type=\"image.default\">\n\t\t\t\t<div class=\"elementor-widget-container\">\n\t\t\t<style>\/*! elementor - v3.23.0 - 05-08-2024 *\/\n.elementor-widget-image{text-align:center}.elementor-widget-image a{display:inline-block}.elementor-widget-image a img[src$=\".svg\"]{width:48px}.elementor-widget-image img{vertical-align:middle;display:inline-block}<\/style>\t\t\t\t\t\t\t\t\t\t<img fetchpriority=\"high\" decoding=\"async\" width=\"768\" height=\"1024\" src=\"https:\/\/dev-hvvh.net\/wp-content\/uploads\/2023\/07\/received_662029525426088-768x1024.jpeg\" class=\"attachment-large size-large wp-image-1257\" alt=\"\" srcset=\"https:\/\/dev-hvvh.net\/wp-content\/uploads\/2023\/07\/received_662029525426088-768x1024.jpeg 768w, https:\/\/dev-hvvh.net\/wp-content\/uploads\/2023\/07\/received_662029525426088-225x300.jpeg 225w, https:\/\/dev-hvvh.net\/wp-content\/uploads\/2023\/07\/received_662029525426088-1152x1536.jpeg 1152w, https:\/\/dev-hvvh.net\/wp-content\/uploads\/2023\/07\/received_662029525426088.jpeg 1536w\" sizes=\"(max-width: 768px) 100vw, 768px\" \/>\t\t\t\t\t\t\t\t\t\t\t\t\t<\/div>\n\t\t\t\t<\/div>\n\t\t\t\t<div class=\"elementor-element elementor-element-30dfd828 elementor-widget elementor-widget-heading\" data-id=\"30dfd828\" data-element_type=\"widget\" data-widget_type=\"heading.default\">\n\t\t\t\t<div class=\"elementor-widget-container\">\n\t\t\t<h2 class=\"elementor-heading-title elementor-size-default\">Se v\u00e5rt prosjekt p\u00e5 Bjerk\u00f8ya<\/h2>\t\t<\/div>\n\t\t\t\t<\/div>\n\t\t\t\t<div class=\"elementor-element elementor-element-28ea0fe6 elementor-widget elementor-widget-text-editor\" data-id=\"28ea0fe6\" data-element_type=\"widget\" data-widget_type=\"text-editor.default\">\n\t\t\t\t<div class=\"elementor-widget-container\">\n\t\t\t<style>\/*! elementor - v3.23.0 - 05-08-2024 *\/\n.elementor-widget-text-editor.elementor-drop-cap-view-stacked .elementor-drop-cap{background-color:#69727d;color:#fff}.elementor-widget-text-editor.elementor-drop-cap-view-framed .elementor-drop-cap{color:#69727d;border:3px solid;background-color:transparent}.elementor-widget-text-editor:not(.elementor-drop-cap-view-default) .elementor-drop-cap{margin-top:8px}.elementor-widget-text-editor:not(.elementor-drop-cap-view-default) .elementor-drop-cap-letter{width:1em;height:1em}.elementor-widget-text-editor .elementor-drop-cap{float:left;text-align:center;line-height:1;font-size:50px}.elementor-widget-text-editor .elementor-drop-cap-letter{display:inline-block}<\/style>\t\t\t\t<p>Prosjekt Bjerk\u00f8ya har v\u00e6rt utrolig flott \u00e5 f\u00e5 v\u00e6re med p\u00e5. Vi har utf\u00f8rt alt innvendig arbeid, fra helsparkling, sliping og maling av alle vegger og tak i dette nyoppf\u00f8rte huset p\u00e5 Bjerk\u00f8ya. Ta gjerne en titt p\u00e5 linken v\u00e5r.<\/p><p><a href=\"https:\/\/dev-hvvh.net\/index.php\/prosjekt-bjerkoya\/\"><span style=\"text-decoration: underline;\">Les mer<\/span><\/a><\/p>\t\t\t\t\t\t<\/div>\n\t\t\t\t<\/div>\n\t\t\t\t<\/div>\n\t\t<div class=\"elementor-element elementor-element-1a601a4f e-con-full e-flex e-con e-parent\" data-id=\"1a601a4f\" data-element_type=\"container\">\n\t\t\t\t<div class=\"elementor-element elementor-element-371d09f elementor-widget elementor-widget-image\" data-id=\"371d09f\" data-element_type=\"widget\" data-widget_type=\"image.default\">\n\t\t\t\t<div class=\"elementor-widget-container\">\n\t\t\t\t\t\t\t\t\t\t\t\t\t<img decoding=\"async\" width=\"1024\" height=\"576\" src=\"https:\/\/dev-hvvh.net\/wp-content\/uploads\/2023\/07\/358778974_798090171906804_2232199119351247428_n-2.jpg\" class=\"attachment-large size-large wp-image-788\" alt=\"\" \/>\t\t\t\t\t\t\t\t\t\t\t\t\t<\/div>\n\t\t\t\t<\/div>\n\t\t\t\t<div class=\"elementor-element elementor-element-f65df65 elementor-widget elementor-widget-heading\" data-id=\"f65df65\" data-element_type=\"widget\" data-widget_type=\"heading.default\">\n\t\t\t\t<div class=\"elementor-widget-container\">\n\t\t\t<h2 class=\"elementor-heading-title elementor-size-default\">Maling av fasade p\u00e5 \u00e6rverdig menighetsbygg i Drammen<\/h2>\t\t<\/div>\n\t\t\t\t<\/div>\n\t\t\t\t<div class=\"elementor-element elementor-element-66ffe29 elementor-widget elementor-widget-text-editor\" data-id=\"66ffe29\" data-element_type=\"widget\" data-widget_type=\"text-editor.default\">\n\t\t\t\t<div class=\"elementor-widget-container\">\n\t\t\t\t\t\t\t<p>Her har det gamle og \u00e6rverdige menighetsbygget i Drammen sentrum f\u00e5tt en oppfriskning etter utf\u00f8rt malearbeid. Alt av utvendig vegger har blitt malt med spesiell murmaling for best resultat og lang holdbarhet.<\/p>\t\t\t\t\t\t<\/div>\n\t\t\t\t<\/div>\n\t\t\t\t<\/div>\n\t\t\t\t\t<\/div>\n\t\t\t\t<\/div>\n\t\t<div class=\"elementor-element elementor-element-c6c01b7 e-flex e-con-boxed e-con e-parent\" data-id=\"c6c01b7\" data-element_type=\"container\">\n\t\t\t\t\t<div class=\"e-con-inner\">\n\t\t<div class=\"elementor-element elementor-element-177d8b0 e-con-full e-flex e-con e-parent\" data-id=\"177d8b0\" data-element_type=\"container\">\n\t\t\t\t<div class=\"elementor-element elementor-element-e197641 elementor-widget elementor-widget-image\" data-id=\"e197641\" data-element_type=\"widget\" data-widget_type=\"image.default\">\n\t\t\t\t<div class=\"elementor-widget-container\">\n\t\t\t\t\t\t\t\t\t\t\t\t\t<img decoding=\"async\" width=\"1024\" height=\"576\" src=\"https:\/\/dev-hvvh.net\/wp-content\/uploads\/2023\/07\/358693583_1869846700081721_1209413795622384476_n-1.jpg\" class=\"attachment-large size-large wp-image-786\" alt=\"\" \/>\t\t\t\t\t\t\t\t\t\t\t\t\t<\/div>\n\t\t\t\t<\/div>\n\t\t\t\t<div class=\"elementor-element elementor-element-be7c3e6 elementor-widget elementor-widget-heading\" data-id=\"be7c3e6\" data-element_type=\"widget\" data-widget_type=\"heading.default\">\n\t\t\t\t<div class=\"elementor-widget-container\">\n\t\t\t<h2 class=\"elementor-heading-title elementor-size-default\">- Dette var over all forventning<\/h2>\t\t<\/div>\n\t\t\t\t<\/div>\n\t\t\t\t<div class=\"elementor-element elementor-element-9937093 elementor-widget elementor-widget-text-editor\" data-id=\"9937093\" data-element_type=\"widget\" data-widget_type=\"text-editor.default\">\n\t\t\t\t<div class=\"elementor-widget-container\">\n\t\t\t\t\t\t\t<p>Da kunden s\u00e5 hvor fin terrassen var blitt kunne de ikke tro sine egne \u00f8yne. Les saken og se bildene her.<\/p><p><a href=\"https:\/\/dev-hvvh.net\/index.php\/referanseprosjekt-eksempel\/\"><span style=\"text-decoration: underline;\">Les mer<\/span><\/a><\/p>\t\t\t\t\t\t<\/div>\n\t\t\t\t<\/div>\n\t\t\t\t<\/div>\n\t\t<div class=\"elementor-element elementor-element-8b7a48b e-con-full e-flex e-con e-parent\" data-id=\"8b7a48b\" data-element_type=\"container\">\n\t\t\t\t<div class=\"elementor-element elementor-element-c375e2d elementor-widget elementor-widget-image\" data-id=\"c375e2d\" data-element_type=\"widget\" data-widget_type=\"image.default\">\n\t\t\t\t<div class=\"elementor-widget-container\">\n\t\t\t\t\t\t\t\t\t\t\t\t\t<img loading=\"lazy\" decoding=\"async\" width=\"1024\" height=\"399\" src=\"https:\/\/dev-hvvh.net\/wp-content\/uploads\/2023\/07\/oppussingCUT3-1-1024x399.png\" class=\"attachment-large size-large wp-image-877\" alt=\"\" srcset=\"https:\/\/dev-hvvh.net\/wp-content\/uploads\/2023\/07\/oppussingCUT3-1-1024x399.png 1024w, https:\/\/dev-hvvh.net\/wp-content\/uploads\/2023\/07\/oppussingCUT3-1-300x117.png 300w, https:\/\/dev-hvvh.net\/wp-content\/uploads\/2023\/07\/oppussingCUT3-1-768x300.png 768w, https:\/\/dev-hvvh.net\/wp-content\/uploads\/2023\/07\/oppussingCUT3-1-1536x599.png 1536w, https:\/\/dev-hvvh.net\/wp-content\/uploads\/2023\/07\/oppussingCUT3-1.png 1605w\" sizes=\"(max-width: 1024px) 100vw, 1024px\" \/>\t\t\t\t\t\t\t\t\t\t\t\t\t<\/div>\n\t\t\t\t<\/div>\n\t\t\t\t<div class=\"elementor-element elementor-element-10531ce elementor-widget elementor-widget-heading\" data-id=\"10531ce\" data-element_type=\"widget\" data-widget_type=\"heading.default\">\n\t\t\t\t<div class=\"elementor-widget-container\">\n\t\t\t<h2 class=\"elementor-heading-title elementor-size-default\">Nye farger og tapet i herskapelig hus i Holmestrand. <\/h2>\t\t<\/div>\n\t\t\t\t<\/div>\n\t\t\t\t<div class=\"elementor-element elementor-element-9619837 elementor-widget elementor-widget-text-editor\" data-id=\"9619837\" data-element_type=\"widget\" data-widget_type=\"text-editor.default\">\n\t\t\t\t<div class=\"elementor-widget-container\">\n\t\t\t\t\t\t\t<p>I et herskapelig hus i Holmestrand har vi sparklet, slipt og tapetsert vegger i en nydelig blomstergr\u00f8nn farge.<\/p><p>Taket ble forvandlet fra hvitt til gr\u00f8nt. Og trappen ble malt i en klassisk hvit farge.<\/p><p>Les om prosjektet og se bilder her.<\/p><p><span style=\"text-decoration: underline;\">Les mer<\/span><\/p>\t\t\t\t\t\t<\/div>\n\t\t\t\t<\/div>\n\t\t\t\t<\/div>\n\t\t\t\t\t<\/div>\n\t\t\t\t<\/div>\n\t\t<div class=\"elementor-element elementor-element-eb76e0c e-flex e-con-boxed e-con e-parent\" data-id=\"eb76e0c\" data-element_type=\"container\" data-settings=\"{&quot;background_background&quot;:&quot;classic&quot;,&quot;shape_divider_top&quot;:&quot;curve&quot;}\">\n\t\t\t\t\t<div class=\"e-con-inner\">\n\t\t\t\t<div class=\"elementor-shape elementor-shape-top\" data-negative=\"false\">\n\t\t\t<svg xmlns=\"http:\/\/www.w3.org\/2000\/svg\" viewBox=\"0 0 1000 100\" preserveAspectRatio=\"none\">\n    <path class=\"elementor-shape-fill\" d=\"M1000,4.3V0H0v4.3C0.9,23.1,126.7,99.2,500,100S1000,22.7,1000,4.3z\"\/>\n<\/svg>\t\t<\/div>\n\t\t\t\t<div class=\"elementor-element elementor-element-96140af elementor-widget elementor-widget-heading\" data-id=\"96140af\" data-element_type=\"widget\" data-widget_type=\"heading.default\">\n\t\t\t\t<div class=\"elementor-widget-container\">\n\t\t\t<h2 class=\"elementor-heading-title elementor-size-default\">Bildegalleri<\/h2>\t\t<\/div>\n\t\t\t\t<\/div>\n\t\t\t\t<div class=\"elementor-element elementor-element-03ec83b elementor-widget elementor-widget-spacer\" data-id=\"03ec83b\" data-element_type=\"widget\" data-widget_type=\"spacer.default\">\n\t\t\t\t<div class=\"elementor-widget-container\">\n\t\t\t\t\t<div class=\"elementor-spacer\">\n\t\t\t<div class=\"elementor-spacer-inner\"><\/div>\n\t\t<\/div>\n\t\t\t\t<\/div>\n\t\t\t\t<\/div>\n\t\t\t\t<div class=\"elementor-element elementor-element-668863f elementor-arrows-position-inside elementor-pagination-position-outside elementor-widget elementor-widget-image-carousel\" data-id=\"668863f\" data-element_type=\"widget\" data-settings=\"{&quot;slides_to_show&quot;:&quot;2&quot;,&quot;navigation&quot;:&quot;both&quot;,&quot;autoplay&quot;:&quot;yes&quot;,&quot;pause_on_hover&quot;:&quot;yes&quot;,&quot;pause_on_interaction&quot;:&quot;yes&quot;,&quot;autoplay_speed&quot;:5000,&quot;infinite&quot;:&quot;yes&quot;,&quot;speed&quot;:500,&quot;image_spacing_custom&quot;:{&quot;unit&quot;:&quot;px&quot;,&quot;size&quot;:20,&quot;sizes&quot;:[]},&quot;image_spacing_custom_tablet&quot;:{&quot;unit&quot;:&quot;px&quot;,&quot;size&quot;:&quot;&quot;,&quot;sizes&quot;:[]},&quot;image_spacing_custom_mobile&quot;:{&quot;unit&quot;:&quot;px&quot;,&quot;size&quot;:&quot;&quot;,&quot;sizes&quot;:[]}}\" data-widget_type=\"image-carousel.default\">\n\t\t\t\t<div class=\"elementor-widget-container\">\n\t\t\t<style>\/*! elementor - v3.23.0 - 05-08-2024 *\/\n.elementor-widget-image-carousel .swiper,.elementor-widget-image-carousel .swiper-container{position:static}.elementor-widget-image-carousel .swiper-container .swiper-slide figure,.elementor-widget-image-carousel .swiper .swiper-slide figure{line-height:inherit}.elementor-widget-image-carousel .swiper-slide{text-align:center}.elementor-image-carousel-wrapper:not(.swiper-container-initialized):not(.swiper-initialized) .swiper-slide{max-width:calc(100% \/ var(--e-image-carousel-slides-to-show, 3))}<\/style>\t\t<div class=\"elementor-image-carousel-wrapper swiper\" dir=\"ltr\">\n\t\t\t<div class=\"elementor-image-carousel swiper-wrapper\" aria-live=\"off\">\n\t\t\t\t\t\t\t\t<div class=\"swiper-slide\" role=\"group\" aria-roledescription=\"slide\" aria-label=\"1 av 15\"><figure class=\"swiper-slide-inner\"><img decoding=\"async\" class=\"swiper-slide-image\" src=\"https:\/\/dev-hvvh.net\/wp-content\/uploads\/2023\/07\/358693583_1869846700081721_1209413795622384476_n-1.jpg\" alt=\"358693583_1869846700081721_1209413795622384476_n-1\" \/><\/figure><\/div><div class=\"swiper-slide\" role=\"group\" aria-roledescription=\"slide\" aria-label=\"2 av 15\"><figure class=\"swiper-slide-inner\"><img decoding=\"async\" class=\"swiper-slide-image\" src=\"https:\/\/dev-hvvh.net\/wp-content\/uploads\/2023\/07\/358761156_2842606175875121_1489459763772148212_n-1.jpg\" alt=\"358761156_2842606175875121_1489459763772148212_n-1\" \/><\/figure><\/div><div class=\"swiper-slide\" role=\"group\" aria-roledescription=\"slide\" aria-label=\"3 av 15\"><figure class=\"swiper-slide-inner\"><img decoding=\"async\" class=\"swiper-slide-image\" src=\"https:\/\/dev-hvvh.net\/wp-content\/uploads\/2023\/07\/358789036_804432961091276_2003247970413819430_n.jpg\" alt=\"358789036_804432961091276_2003247970413819430_n\" \/><\/figure><\/div><div class=\"swiper-slide\" role=\"group\" aria-roledescription=\"slide\" aria-label=\"4 av 15\"><figure class=\"swiper-slide-inner\"><img decoding=\"async\" class=\"swiper-slide-image\" src=\"https:\/\/dev-hvvh.net\/wp-content\/uploads\/2023\/07\/358761156_2842606175875121_1489459763772148212_n-1024x576.jpg\" alt=\"358761156_2842606175875121_1489459763772148212_n\" \/><\/figure><\/div><div class=\"swiper-slide\" role=\"group\" aria-roledescription=\"slide\" aria-label=\"5 av 15\"><figure class=\"swiper-slide-inner\"><img decoding=\"async\" class=\"swiper-slide-image\" src=\"https:\/\/dev-hvvh.net\/wp-content\/uploads\/2023\/07\/oppussing-1024x576.webp\" alt=\"oppussing\" \/><\/figure><\/div><div class=\"swiper-slide\" role=\"group\" aria-roledescription=\"slide\" aria-label=\"6 av 15\"><figure class=\"swiper-slide-inner\"><img decoding=\"async\" class=\"swiper-slide-image\" src=\"https:\/\/dev-hvvh.net\/wp-content\/uploads\/2023\/07\/20170727_094900-1024x576.jpg\" alt=\"20170727_094900\" \/><\/figure><\/div><div class=\"swiper-slide\" role=\"group\" aria-roledescription=\"slide\" aria-label=\"7 av 15\"><figure class=\"swiper-slide-inner\"><img decoding=\"async\" class=\"swiper-slide-image\" src=\"https:\/\/dev-hvvh.net\/wp-content\/uploads\/2023\/07\/20160803_145505-1024x576.jpg\" alt=\"20160803_145505\" \/><\/figure><\/div><div class=\"swiper-slide\" role=\"group\" aria-roledescription=\"slide\" aria-label=\"8 av 15\"><figure class=\"swiper-slide-inner\"><img decoding=\"async\" class=\"swiper-slide-image\" src=\"https:\/\/dev-hvvh.net\/wp-content\/uploads\/2023\/07\/20160803_161924-1024x576.jpg\" alt=\"20160803_161924\" \/><\/figure><\/div><div class=\"swiper-slide\" role=\"group\" aria-roledescription=\"slide\" aria-label=\"9 av 15\"><figure class=\"swiper-slide-inner\"><img decoding=\"async\" class=\"swiper-slide-image\" src=\"https:\/\/dev-hvvh.net\/wp-content\/uploads\/2023\/07\/20230705_091336-1024x576.jpg\" alt=\"20230705_091336\" \/><\/figure><\/div><div class=\"swiper-slide\" role=\"group\" aria-roledescription=\"slide\" aria-label=\"10 av 15\"><figure class=\"swiper-slide-inner\"><img decoding=\"async\" class=\"swiper-slide-image\" src=\"https:\/\/dev-hvvh.net\/wp-content\/uploads\/2023\/07\/20230628_114522-1024x576.jpg\" alt=\"20230628_114522\" \/><\/figure><\/div><div class=\"swiper-slide\" role=\"group\" aria-roledescription=\"slide\" aria-label=\"11 av 15\"><figure class=\"swiper-slide-inner\"><img decoding=\"async\" class=\"swiper-slide-image\" src=\"https:\/\/dev-hvvh.net\/wp-content\/uploads\/2023\/07\/Stillas.jpg\" alt=\"Stillas\" \/><\/figure><\/div><div class=\"swiper-slide\" role=\"group\" aria-roledescription=\"slide\" aria-label=\"12 av 15\"><figure class=\"swiper-slide-inner\"><img decoding=\"async\" class=\"swiper-slide-image\" src=\"https:\/\/dev-hvvh.net\/wp-content\/uploads\/2023\/07\/355966320_2180129512179175_3355261382841602780_n-1.jpg\" alt=\"355966320_2180129512179175_3355261382841602780_n-1\" \/><\/figure><\/div><div class=\"swiper-slide\" role=\"group\" aria-roledescription=\"slide\" aria-label=\"13 av 15\"><figure class=\"swiper-slide-inner\"><img decoding=\"async\" class=\"swiper-slide-image\" src=\"https:\/\/dev-hvvh.net\/wp-content\/uploads\/2023\/07\/358776294_1733460750457144_9201048683345619600_n-1.jpg\" alt=\"358776294_1733460750457144_9201048683345619600_n-1\" \/><\/figure><\/div><div class=\"swiper-slide\" role=\"group\" aria-roledescription=\"slide\" aria-label=\"14 av 15\"><figure class=\"swiper-slide-inner\"><img decoding=\"async\" class=\"swiper-slide-image\" src=\"https:\/\/dev-hvvh.net\/wp-content\/uploads\/2023\/07\/358778974_798090171906804_2232199119351247428_n-2.jpg\" alt=\"358778974_798090171906804_2232199119351247428_n-2\" \/><\/figure><\/div><div class=\"swiper-slide\" role=\"group\" aria-roledescription=\"slide\" aria-label=\"15 av 15\"><figure class=\"swiper-slide-inner\"><img decoding=\"async\" class=\"swiper-slide-image\" src=\"https:\/\/dev-hvvh.net\/wp-content\/uploads\/2023\/07\/358590271_288140473688762_3922667548605755668_n-1.jpg\" alt=\"358590271_288140473688762_3922667548605755668_n-1\" \/><\/figure><\/div>\t\t\t<\/div>\n\t\t\t\t\t\t\t\t\t\t\t\t<div class=\"elementor-swiper-button elementor-swiper-button-prev\" role=\"button\" tabindex=\"0\">\n\t\t\t\t\t\t<svg aria-hidden=\"true\" class=\"e-font-icon-svg e-eicon-chevron-left\" viewBox=\"0 0 1000 1000\" xmlns=\"http:\/\/www.w3.org\/2000\/svg\"><path d=\"M646 125C629 125 613 133 604 142L308 442C296 454 292 471 292 487 292 504 296 521 308 533L604 854C617 867 629 875 646 875 663 875 679 871 692 858 704 846 713 829 713 812 713 796 708 779 692 767L438 487 692 225C700 217 708 204 708 187 708 171 704 154 692 142 675 129 663 125 646 125Z\"><\/path><\/svg>\t\t\t\t\t<\/div>\n\t\t\t\t\t<div class=\"elementor-swiper-button elementor-swiper-button-next\" role=\"button\" tabindex=\"0\">\n\t\t\t\t\t\t<svg aria-hidden=\"true\" class=\"e-font-icon-svg e-eicon-chevron-right\" viewBox=\"0 0 1000 1000\" xmlns=\"http:\/\/www.w3.org\/2000\/svg\"><path d=\"M696 533C708 521 713 504 713 487 713 471 708 454 696 446L400 146C388 133 375 125 354 125 338 125 325 129 313 142 300 154 292 171 292 187 292 204 296 221 308 233L563 492 304 771C292 783 288 800 288 817 288 833 296 850 308 863 321 871 338 875 354 875 371 875 388 867 400 854L696 533Z\"><\/path><\/svg>\t\t\t\t\t<\/div>\n\t\t\t\t\n\t\t\t\t\t\t\t\t\t<div class=\"swiper-pagination\"><\/div>\n\t\t\t\t\t\t\t\t\t<\/div>\n\t\t\t\t<\/div>\n\t\t\t\t<\/div>\n\t\t\t\t\t<\/div>\n\t\t\t\t<\/div>\n\t\t\t\t<\/div>\n\t\t","protected":false},"excerpt":{"rendered":"<p>Referanseprosjekter Se v\u00e5rt prosjekt p\u00e5 Bjerk\u00f8ya Prosjekt Bjerk\u00f8ya har v\u00e6rt utrolig flott \u00e5 f\u00e5 v\u00e6re med p\u00e5. Vi har utf\u00f8rt alt innvendig arbeid, fra helsparkling, sliping og maling av alle vegger og tak i dette nyoppf\u00f8rte huset p\u00e5 Bjerk\u00f8ya. Ta gjerne en titt p\u00e5 linken v\u00e5r. Les mer Maling av fasade p\u00e5 \u00e6rverdig menighetsbygg i [&hellip;]<\/p>\n","protected":false},"author":1,"featured_media":0,"parent":0,"menu_order":0,"comment_status":"closed","ping_status":"closed","template":"","meta":{"_glsr_average":0,"_glsr_ranking":0,"_glsr_reviews":0},"_links":{"self":[{"href":"https:\/\/dev-hvvh.net\/index.php\/wp-json\/wp\/v2\/pages\/196"}],"collection":[{"href":"https:\/\/dev-hvvh.net\/index.php\/wp-json\/wp\/v2\/pages"}],"about":[{"href":"https:\/\/dev-hvvh.net\/index.php\/wp-json\/wp\/v2\/types\/page"}],"author":[{"embeddable":true,"href":"https:\/\/dev-hvvh.net\/index.php\/wp-json\/wp\/v2\/users\/1"}],"replies":[{"embeddable":true,"href":"https:\/\/dev-hvvh.net\/index.php\/wp-json\/wp\/v2\/comments?post=196"}],"version-history":[{"count":97,"href":"https:\/\/dev-hvvh.net\/index.php\/wp-json\/wp\/v2\/pages\/196\/revisions"}],"predecessor-version":[{"id":1329,"href":"https:\/\/dev-hvvh.net\/index.php\/wp-json\/wp\/v2\/pages\/196\/revisions\/1329"}],"wp:attachment":[{"href":"https:\/\/dev-hvvh.net\/index.php\/wp-json\/wp\/v2\/media?parent=196"}],"curies":[{"name":"wp","href":"https:\/\/api.w.org\/{rel}","templated":true}]}}